{"id":1173,"date":"2025-04-14T12:17:34","date_gmt":"2025-04-14T15:17:34","guid":{"rendered":"https:\/\/internationalcollege.unab.cl\/?page_id=1173"},"modified":"2025-12-03T17:00:36","modified_gmt":"2025-12-03T20:00:36","slug":"que-necesitas-para-ingresar","status":"publish","type":"page","link":"https:\/\/internationalcollege.unab.cl\/es\/que-necesitas-para-ingresar\/","title":{"rendered":"\u00bfQu\u00e9 necesitas para ingresar?"},"content":{"rendered":"\t\t<div data-elementor-type=\"wp-page\" data-elementor-id=\"1173\" class=\"elementor elementor-1173\" data-elementor-post-type=\"page\">\n\t\t\t\t<div class=\"elementor-element elementor-element-4316467 e-con-full e-flex e-con e-parent\" data-id=\"4316467\" data-element_type=\"container\" data-e-type=\"container\">\n\t\t<div class=\"elementor-element elementor-element-0002081 e-con-full e-flex e-con e-child\" data-id=\"0002081\" data-element_type=\"container\" data-e-type=\"container\" data-settings=\"{&quot;background_background&quot;:&quot;classic&quot;}\">\n\t\t\t\t<div class=\"elementor-element elementor-element-91ba3b2 elementor-widget elementor-widget-image\" data-id=\"91ba3b2\" data-element_type=\"widget\" data-e-type=\"widget\" data-widget_type=\"image.default\">\n\t\t\t\t\t\t\t\t\t\t\t\t\t\t\t<img fetchpriority=\"high\" decoding=\"async\" width=\"528\" height=\"732\" src=\"https:\/\/internationalcollege.unab.cl\/wp-content\/uploads\/2025\/05\/que-necesitas-unab-IC-05.webp\" class=\"attachment-large size-large wp-image-3587\" alt=\"Requisitos de Admisi\u00f3n International College UNAB\" srcset=\"https:\/\/internationalcollege.unab.cl\/wp-content\/uploads\/2025\/05\/que-necesitas-unab-IC-05.webp 528w, https:\/\/internationalcollege.unab.cl\/wp-content\/uploads\/2025\/05\/que-necesitas-unab-IC-05-216x300.webp 216w\" sizes=\"(max-width: 528px) 100vw, 528px\" \/>\t\t\t\t\t\t\t\t\t\t\t\t\t\t\t<\/div>\n\t\t\t\t<\/div>\n\t\t<div class=\"elementor-element elementor-element-827a697 e-con-full e-flex e-con e-child\" data-id=\"827a697\" data-element_type=\"container\" data-e-type=\"container\">\n\t\t\t\t<div class=\"elementor-element elementor-element-71c7ef7 elementor-widget elementor-widget-heading\" data-id=\"71c7ef7\" data-element_type=\"widget\" data-e-type=\"widget\" data-widget_type=\"heading.default\">\n\t\t\t\t\t<h1 class=\"elementor-heading-title elementor-size-default\">\u00bfQu\u00e9 necesitas para ingresar?<\/h1>\t\t\t\t<\/div>\n\t\t\t\t<div class=\"elementor-element elementor-element-80c2488 elementor-widget-divider--view-line elementor-widget elementor-widget-divider\" data-id=\"80c2488\" data-element_type=\"widget\" data-e-type=\"widget\" data-widget_type=\"divider.default\">\n\t\t\t\t\t\t\t<div class=\"elementor-divider\">\n\t\t\t<span class=\"elementor-divider-separator\">\n\t\t\t\t\t\t<\/span>\n\t\t<\/div>\n\t\t\t\t\t\t<\/div>\n\t\t\t\t<div class=\"elementor-element elementor-element-7b60bea elementor-widget elementor-widget-text-editor\" data-id=\"7b60bea\" data-element_type=\"widget\" data-e-type=\"widget\" data-widget_type=\"text-editor.default\">\n\t\t\t\t\t\t\t\t\t<p>Postular por Admisi\u00f3n Centralizada:<\/p>\t\t\t\t\t\t\t\t<\/div>\n\t\t\t\t<div class=\"elementor-element elementor-element-bef7f42 elementor-widget elementor-widget-text-editor\" data-id=\"bef7f42\" data-element_type=\"widget\" data-e-type=\"widget\" data-widget_type=\"text-editor.default\">\n\t\t\t\t\t\t\t\t\t<p>La U. Andr\u00e9s Bello es parte del Sistema de Acceso. Esto significa que, una vez publicado los resultados de la PAES, debes postular en www.demre.cl, en orden de preferencia de carrera y campus.<br \/>Para garantizar tu selecci\u00f3n en la U. Andr\u00e9s Bello, es importante que postules en primera preferencia, y si cumples con los requisitos establecidos, quedar\u00e1s seleccionado (a) en nuestra instituci\u00f3n.<\/p>\t\t\t\t\t\t\t\t<\/div>\n\t\t\t\t<div class=\"elementor-element elementor-element-773873b elementor-widget elementor-widget-text-editor\" data-id=\"773873b\" data-element_type=\"widget\" data-e-type=\"widget\" data-widget_type=\"text-editor.default\">\n\t\t\t\t\t\t\t\t\t<p>Postular por Admisi\u00f3n Directa:<\/p>\t\t\t\t\t\t\t\t<\/div>\n\t\t\t\t<div class=\"elementor-element elementor-element-44b0753 elementor-widget elementor-widget-text-editor\" data-id=\"44b0753\" data-element_type=\"widget\" data-e-type=\"widget\" data-widget_type=\"text-editor.default\">\n\t\t\t\t\t\t\t\t\t<p>El Ingreso para la Admisi\u00f3n Directa corresponde a un sistema alternativo de selecci\u00f3n y matr\u00edcula de pregrado que considera factores distintos al rendimiento en pruebas estandarizadas del a\u00f1o. Se aplica para estudiantes con NEM destacado, aptitudes diferentes, deportistas o artistas, estudiantes con promedio de notas de ense\u00f1anza media destacado, alumnos que est\u00e9n o hayan cursado estudios superiores, alumnos con estudios secundarios en el extranjero, entre otros. Uno de los requisitos legales es tener la Licencia de Educaci\u00f3n Media reconocida y homologada por el MINEDUC.<\/p>\t\t\t\t\t\t\t\t<\/div>\n\t\t\t\t<div class=\"elementor-element elementor-element-51082ed elementor-widget elementor-widget-text-editor\" data-id=\"51082ed\" data-element_type=\"widget\" data-e-type=\"widget\" data-widget_type=\"text-editor.default\">\n\t\t\t\t\t\t\t\t\t<p><a href=\"https:\/\/admision.unab.cl\/pregrado-diurno\/admision-directa\/\">Leer m\u00e1s &gt;<\/a><\/p>\t\t\t\t\t\t\t\t<\/div>\n\t\t\t\t<\/div>\n\t\t\t\t<\/div>\n\t\t<div class=\"elementor-element elementor-element-9d97f31 e-con-full e-flex e-con e-parent\" data-id=\"9d97f31\" data-element_type=\"container\" data-e-type=\"container\">\n\t\t<div class=\"elementor-element elementor-element-28d00eb e-con-full e-flex e-con e-child\" data-id=\"28d00eb\" data-element_type=\"container\" data-e-type=\"container\">\n\t\t\t\t<div class=\"elementor-element elementor-element-b2224a5 elementor-widget elementor-widget-text-editor\" data-id=\"b2224a5\" data-element_type=\"widget\" data-e-type=\"widget\" data-widget_type=\"text-editor.default\">\n\t\t\t\t\t\t\t\t\t<p>Postular v\u00eda Bachillerato Internacional Ingl\u00e9s<\/p>\t\t\t\t\t\t\t\t<\/div>\n\t\t\t\t<div class=\"elementor-element elementor-element-1ccfeb1 elementor-widget elementor-widget-text-editor\" data-id=\"1ccfeb1\" data-element_type=\"widget\" data-e-type=\"widget\" data-widget_type=\"text-editor.default\">\n\t\t\t\t\t\t\t\t\t<p>Incluye a los egresados de educaci\u00f3n media de los colegios en convenio y que hayan rendido el Bachillerato obteniendo los puntajes exigidos.<br \/>Documentos para postular:<\/p><ul><li>Licencia de Ense\u00f1anza Media chilena emitida y homologada por el MINEDUC.<\/li><li>Certificado que detalla puntaje obtenido.<\/li><li>Certificado de nacimiento.<\/li><\/ul>\t\t\t\t\t\t\t\t<\/div>\n\t\t\t\t<\/div>\n\t\t<div class=\"elementor-element elementor-element-32da398 e-con-full e-flex e-con e-child\" data-id=\"32da398\" data-element_type=\"container\" data-e-type=\"container\" data-settings=\"{&quot;background_background&quot;:&quot;classic&quot;}\">\n\t\t\t\t<div class=\"elementor-element elementor-element-03b427d elementor-widget elementor-widget-image\" data-id=\"03b427d\" data-element_type=\"widget\" data-e-type=\"widget\" data-widget_type=\"image.default\">\n\t\t\t\t\t\t\t\t\t\t\t\t\t\t\t<img decoding=\"async\" width=\"800\" height=\"534\" src=\"https:\/\/internationalcollege.unab.cl\/wp-content\/uploads\/2025\/04\/que-necesitas-unab-1024x683.webp\" class=\"attachment-large size-large wp-image-2568\" alt=\"Requisitos de Admisi\u00f3n International College UNAB\" srcset=\"https:\/\/internationalcollege.unab.cl\/wp-content\/uploads\/2025\/04\/que-necesitas-unab-1024x683.webp 1024w, https:\/\/internationalcollege.unab.cl\/wp-content\/uploads\/2025\/04\/que-necesitas-unab-300x200.webp 300w, https:\/\/internationalcollege.unab.cl\/wp-content\/uploads\/2025\/04\/que-necesitas-unab-768x512.webp 768w, https:\/\/internationalcollege.unab.cl\/wp-content\/uploads\/2025\/04\/que-necesitas-unab.webp 1382w\" sizes=\"(max-width: 800px) 100vw, 800px\" \/>\t\t\t\t\t\t\t\t\t\t\t\t\t\t\t<\/div>\n\t\t\t\t<\/div>\n\t\t\t\t<\/div>\n\t\t<div class=\"elementor-element elementor-element-ee95391 e-con-full e-flex e-con e-parent\" data-id=\"ee95391\" data-element_type=\"container\" data-e-type=\"container\">\n\t\t<div class=\"elementor-element elementor-element-90e59eb e-con-full e-flex e-con e-child\" data-id=\"90e59eb\" data-element_type=\"container\" data-e-type=\"container\" data-settings=\"{&quot;background_background&quot;:&quot;classic&quot;}\">\n\t\t\t\t<div class=\"elementor-element elementor-element-62f7e6c elementor-widget elementor-widget-image\" data-id=\"62f7e6c\" data-element_type=\"widget\" data-e-type=\"widget\" data-widget_type=\"image.default\">\n\t\t\t\t\t\t\t\t\t\t\t\t\t\t\t<img decoding=\"async\" width=\"800\" height=\"534\" src=\"https:\/\/internationalcollege.unab.cl\/wp-content\/uploads\/2025\/08\/02-que-necesitas-unab.webp\" class=\"attachment-large size-large wp-image-6148\" alt=\"\" srcset=\"https:\/\/internationalcollege.unab.cl\/wp-content\/uploads\/2025\/08\/02-que-necesitas-unab.webp 800w, https:\/\/internationalcollege.unab.cl\/wp-content\/uploads\/2025\/08\/02-que-necesitas-unab-300x200.webp 300w, https:\/\/internationalcollege.unab.cl\/wp-content\/uploads\/2025\/08\/02-que-necesitas-unab-768x513.webp 768w\" sizes=\"(max-width: 800px) 100vw, 800px\" \/>\t\t\t\t\t\t\t\t\t\t\t\t\t\t\t<\/div>\n\t\t\t\t<\/div>\n\t\t<div class=\"elementor-element elementor-element-0c388b7 e-con-full e-flex e-con e-child\" data-id=\"0c388b7\" data-element_type=\"container\" data-e-type=\"container\">\n\t\t\t\t<div class=\"elementor-element elementor-element-e59d6a8 elementor-widget elementor-widget-text-editor\" data-id=\"e59d6a8\" data-element_type=\"widget\" data-e-type=\"widget\" data-widget_type=\"text-editor.default\">\n\t\t\t\t\t\t\t\t\t<p>Rendir una Prueba de Ingl\u00e9s para certificar nivel<br \/>de ingl\u00e9s:<\/p>\t\t\t\t\t\t\t\t<\/div>\n\t\t\t\t<div class=\"elementor-element elementor-element-0e0ba6b elementor-widget elementor-widget-text-editor\" data-id=\"0e0ba6b\" data-element_type=\"widget\" data-e-type=\"widget\" data-widget_type=\"text-editor.default\">\n\t\t\t\t\t\t\t\t\t<p>La fecha de la prueba ser\u00e1 informada v\u00eda mail o tel\u00e9fono y en nuestros canales de comunicaci\u00f3n.<\/p>\t\t\t\t\t\t\t\t<\/div>\n\t\t<div class=\"elementor-element elementor-element-f1a47fc e-con-full e-flex e-con e-child\" data-id=\"f1a47fc\" data-element_type=\"container\" data-e-type=\"container\" data-settings=\"{&quot;background_background&quot;:&quot;classic&quot;}\">\n\t\t<div class=\"elementor-element elementor-element-3bc9297 e-con-full e-flex e-con e-child\" data-id=\"3bc9297\" data-element_type=\"container\" data-e-type=\"container\">\n\t\t\t\t<div class=\"elementor-element elementor-element-a6950c8 elementor-align-center elementor-widget elementor-widget-button\" data-id=\"a6950c8\" data-element_type=\"widget\" data-e-type=\"widget\" data-widget_type=\"button.default\">\n\t\t\t\t\t\t\t\t\t\t<a class=\"elementor-button elementor-button-link elementor-size-sm\" href=\"https:\/\/internationalcollege.unab.cl\/es\/formulario-ingles\/\">\n\t\t\t\t\t\t<span class=\"elementor-button-content-wrapper\">\n\t\t\t\t\t\t\t\t\t<span class=\"elementor-button-text\">Inscr\u00edbete aqu\u00ed<\/span>\n\t\t\t\t\t<\/span>\n\t\t\t\t\t<\/a>\n\t\t\t\t\t\t\t\t<\/div>\n\t\t\t\t<div class=\"elementor-element elementor-element-6d96a86 elementor-widget elementor-widget-heading\" data-id=\"6d96a86\" data-element_type=\"widget\" data-e-type=\"widget\" data-widget_type=\"heading.default\">\n\t\t\t\t\t<h2 class=\"elementor-heading-title elementor-size-default\">Es 100\/ gratis<\/h2>\t\t\t\t<\/div>\n\t\t\t\t<\/div>\n\t\t\t\t<\/div>\n\t\t\t\t<\/div>\n\t\t\t\t<\/div>\n\t\t\t\t<\/div>\n\t\t","protected":false},"excerpt":{"rendered":"<p>\u00bfQu\u00e9 necesitas para ingresar? Postular por Admisi\u00f3n Centralizada: La U. Andr\u00e9s Bello es parte del Sistema de Acceso. Esto significa que, una vez publicado los resultados de la PAES, debes postular en www.demre.cl, en orden de preferencia de carrera y campus. Para garantizar tu selecci\u00f3n en la U. Andr\u00e9s Bello, es importante que postules en [&hellip;]<\/p>\n","protected":false},"author":2,"featured_media":0,"parent":0,"menu_order":0,"comment_status":"closed","ping_status":"closed","template":"elementor_header_footer","meta":{"footnotes":""},"class_list":["post-1173","page","type-page","status-publish","hentry"],"aioseo_notices":[],"_links":{"self":[{"href":"https:\/\/internationalcollege.unab.cl\/es\/wp-json\/wp\/v2\/pages\/1173","targetHints":{"allow":["GET"]}}],"collection":[{"href":"https:\/\/internationalcollege.unab.cl\/es\/wp-json\/wp\/v2\/pages"}],"about":[{"href":"https:\/\/internationalcollege.unab.cl\/es\/wp-json\/wp\/v2\/types\/page"}],"author":[{"embeddable":true,"href":"https:\/\/internationalcollege.unab.cl\/es\/wp-json\/wp\/v2\/users\/2"}],"replies":[{"embeddable":true,"href":"https:\/\/internationalcollege.unab.cl\/es\/wp-json\/wp\/v2\/comments?post=1173"}],"version-history":[{"count":172,"href":"https:\/\/internationalcollege.unab.cl\/es\/wp-json\/wp\/v2\/pages\/1173\/revisions"}],"predecessor-version":[{"id":6541,"href":"https:\/\/internationalcollege.unab.cl\/es\/wp-json\/wp\/v2\/pages\/1173\/revisions\/6541"}],"wp:attachment":[{"href":"https:\/\/internationalcollege.unab.cl\/es\/wp-json\/wp\/v2\/media?parent=1173"}],"curies":[{"name":"wp","href":"https:\/\/api.w.org\/{rel}","templated":true}]}}