{"id":2043,"date":"2025-04-07T12:29:25","date_gmt":"2025-04-07T15:29:25","guid":{"rendered":"https:\/\/internationalcollege.unab.cl\/?page_id=2043"},"modified":"2026-01-12T13:19:59","modified_gmt":"2026-01-12T16:19:59","slug":"unab-international-college","status":"publish","type":"page","link":"https:\/\/internationalcollege.unab.cl\/es\/unab-international-college\/","title":{"rendered":"UNAB International College"},"content":{"rendered":"\t\t<div data-elementor-type=\"wp-page\" data-elementor-id=\"2043\" class=\"elementor elementor-2043\" data-elementor-post-type=\"page\">\n\t\t\t\t<div class=\"elementor-element elementor-element-0aa5efa e-con-full e-flex e-con e-parent\" data-id=\"0aa5efa\" data-element_type=\"container\" data-e-type=\"container\" data-settings=\"{&quot;background_background&quot;:&quot;classic&quot;}\">\n\t\t<div class=\"elementor-element elementor-element-e9c9e84 e-con-full e-flex e-con e-child\" data-id=\"e9c9e84\" data-element_type=\"container\" data-e-type=\"container\" data-settings=\"{&quot;background_background&quot;:&quot;classic&quot;}\">\n\t\t\t\t<\/div>\n\t\t<div class=\"elementor-element elementor-element-edfd2ae e-con-full e-flex e-con e-child\" data-id=\"edfd2ae\" data-element_type=\"container\" data-e-type=\"container\">\n\t\t\t\t<div class=\"elementor-element elementor-element-e7a315f elementor-widget elementor-widget-heading\" data-id=\"e7a315f\" data-element_type=\"widget\" data-e-type=\"widget\" data-widget_type=\"heading.default\">\n\t\t\t\t\t<h2 class=\"elementor-heading-title elementor-size-default\"><h1 class=\"entry-title\">UNAB International College<\/h1><\/h2>\t\t\t\t<\/div>\n\t\t\t\t<div class=\"elementor-element elementor-element-db699f5 elementor-widget elementor-widget-heading\" data-id=\"db699f5\" data-element_type=\"widget\" data-e-type=\"widget\" data-widget_type=\"heading.default\">\n\t\t\t\t\t<h2 class=\"elementor-heading-title elementor-size-default\">UNAB International College<\/h2>\t\t\t\t<\/div>\n\t\t\t\t<div class=\"elementor-element elementor-element-acb1aa7 elementor-widget-divider--view-line elementor-widget elementor-widget-divider\" data-id=\"acb1aa7\" data-element_type=\"widget\" data-e-type=\"widget\" data-widget_type=\"divider.default\">\n\t\t\t\t\t\t\t<div class=\"elementor-divider\">\n\t\t\t<span class=\"elementor-divider-separator\">\n\t\t\t\t\t\t<\/span>\n\t\t<\/div>\n\t\t\t\t\t\t<\/div>\n\t\t\t\t<div class=\"elementor-element elementor-element-6bdedf3 elementor-widget elementor-widget-text-editor\" data-id=\"6bdedf3\" data-element_type=\"widget\" data-e-type=\"widget\" data-widget_type=\"text-editor.default\">\n\t\t\t\t\t\t\t\t\t<p>En este innovador modelo acad\u00e9mico<\/p>\t\t\t\t\t\t\t\t<\/div>\n\t\t\t\t<div class=\"elementor-element elementor-element-81cebe3 elementor-widget elementor-widget-text-editor\" data-id=\"81cebe3\" data-element_type=\"widget\" data-e-type=\"widget\" data-widget_type=\"text-editor.default\">\n\t\t\t\t\t\t\t\t\t<ul><li>Estudiar\u00e1s tus primeros tres a\u00f1os en UNAB, con una s\u00f3lida formaci\u00f3n acad\u00e9mica y en ingl\u00e9s, prepar\u00e1ndote para un entorno global.<\/li><li>El cuarto a\u00f1o lo cursar\u00e1s en una universidad extranjera, ya sea de manera presencial u online, dependiendo de lo que m\u00e1s te convenga.<\/li><li>Al finalizar, obtendr\u00e1s un doble grado, un t\u00edtulo de nuestra universidad y otro de una instituci\u00f3n internacional, aumentando tu valor en el mercado laboral.<\/li><\/ul>\t\t\t\t\t\t\t\t<\/div>\n\t\t\t\t<div class=\"elementor-element elementor-element-f9de838 elementor-widget elementor-widget-image\" data-id=\"f9de838\" data-element_type=\"widget\" data-e-type=\"widget\" data-widget_type=\"image.default\">\n\t\t\t\t\t\t\t\t\t\t\t\t\t\t\t<img fetchpriority=\"high\" decoding=\"async\" width=\"831\" height=\"277\" src=\"https:\/\/internationalcollege.unab.cl\/wp-content\/uploads\/2025\/04\/grafico-01-IC-UNAB.webp\" class=\"attachment-full size-full wp-image-2116\" alt=\"UNAB International College Chile\" srcset=\"https:\/\/internationalcollege.unab.cl\/wp-content\/uploads\/2025\/04\/grafico-01-IC-UNAB.webp 831w, https:\/\/internationalcollege.unab.cl\/wp-content\/uploads\/2025\/04\/grafico-01-IC-UNAB-300x100.webp 300w, https:\/\/internationalcollege.unab.cl\/wp-content\/uploads\/2025\/04\/grafico-01-IC-UNAB-768x256.webp 768w\" sizes=\"(max-width: 831px) 100vw, 831px\" \/>\t\t\t\t\t\t\t\t\t\t\t\t\t\t\t<\/div>\n\t\t\t\t<\/div>\n\t\t\t\t<\/div>\n\t\t<div class=\"elementor-element elementor-element-2505e9f e-flex e-con-boxed e-con e-parent\" data-id=\"2505e9f\" data-element_type=\"container\" data-e-type=\"container\">\n\t\t\t\t\t<div class=\"e-con-inner\">\n\t\t<div class=\"elementor-element elementor-element-b6d7917 e-con-full e-flex e-con e-child\" data-id=\"b6d7917\" data-element_type=\"container\" data-e-type=\"container\">\n\t\t\t\t<div class=\"elementor-element elementor-element-fae4c58 elementor-widget elementor-widget-image\" data-id=\"fae4c58\" data-element_type=\"widget\" data-e-type=\"widget\" data-widget_type=\"image.default\">\n\t\t\t\t\t\t\t\t\t\t\t\t\t\t\t<img decoding=\"async\" width=\"724\" height=\"650\" src=\"https:\/\/internationalcollege.unab.cl\/wp-content\/uploads\/2025\/04\/student-services-hubpage.webp\" class=\"attachment-large size-large wp-image-2107\" alt=\"UNAB International College Chile\" srcset=\"https:\/\/internationalcollege.unab.cl\/wp-content\/uploads\/2025\/04\/student-services-hubpage.webp 724w, https:\/\/internationalcollege.unab.cl\/wp-content\/uploads\/2025\/04\/student-services-hubpage-300x269.webp 300w\" sizes=\"(max-width: 724px) 100vw, 724px\" \/>\t\t\t\t\t\t\t\t\t\t\t\t\t\t\t<\/div>\n\t\t\t\t<\/div>\n\t\t<div class=\"elementor-element elementor-element-f41252a e-con-full e-flex e-con e-child\" data-id=\"f41252a\" data-element_type=\"container\" data-e-type=\"container\">\n\t\t\t\t<div class=\"elementor-element elementor-element-70cc964 elementor-widget elementor-widget-image\" data-id=\"70cc964\" data-element_type=\"widget\" data-e-type=\"widget\" data-widget_type=\"image.default\">\n\t\t\t\t\t\t\t\t\t\t\t\t\t\t\t<img decoding=\"async\" width=\"724\" height=\"650\" src=\"https:\/\/internationalcollege.unab.cl\/wp-content\/uploads\/2025\/04\/international-collage-unab.webp\" class=\"attachment-large size-large wp-image-2108\" alt=\"UNAB International College Chile\" srcset=\"https:\/\/internationalcollege.unab.cl\/wp-content\/uploads\/2025\/04\/international-collage-unab.webp 724w, https:\/\/internationalcollege.unab.cl\/wp-content\/uploads\/2025\/04\/international-collage-unab-300x269.webp 300w\" sizes=\"(max-width: 724px) 100vw, 724px\" \/>\t\t\t\t\t\t\t\t\t\t\t\t\t\t\t<\/div>\n\t\t\t\t<\/div>\n\t\t<div class=\"elementor-element elementor-element-952833e e-con-full e-flex e-con e-child\" data-id=\"952833e\" data-element_type=\"container\" data-e-type=\"container\">\n\t\t\t\t<div class=\"elementor-element elementor-element-2c9dc35 elementor-widget elementor-widget-image\" data-id=\"2c9dc35\" data-element_type=\"widget\" data-e-type=\"widget\" data-widget_type=\"image.default\">\n\t\t\t\t\t\t\t\t\t\t\t\t\t\t\t<img loading=\"lazy\" decoding=\"async\" width=\"724\" height=\"650\" src=\"https:\/\/internationalcollege.unab.cl\/wp-content\/uploads\/2025\/04\/concepcion-ic-unab.webp\" class=\"attachment-large size-large wp-image-2112\" alt=\"UNAB International College Chile\" srcset=\"https:\/\/internationalcollege.unab.cl\/wp-content\/uploads\/2025\/04\/concepcion-ic-unab.webp 724w, https:\/\/internationalcollege.unab.cl\/wp-content\/uploads\/2025\/04\/concepcion-ic-unab-300x269.webp 300w\" sizes=\"(max-width: 724px) 100vw, 724px\" \/>\t\t\t\t\t\t\t\t\t\t\t\t\t\t\t<\/div>\n\t\t\t\t<\/div>\n\t\t\t\t\t<\/div>\n\t\t\t\t<\/div>\n\t\t\t\t<\/div>\n\t\t","protected":false},"excerpt":{"rendered":"<p>UNAB International College UNAB International College En este innovador modelo acad\u00e9mico Estudiar\u00e1s tus primeros tres a\u00f1os en UNAB, con una s\u00f3lida formaci\u00f3n acad\u00e9mica y en ingl\u00e9s, prepar\u00e1ndote para un entorno global. El cuarto a\u00f1o lo cursar\u00e1s en una universidad extranjera, ya sea de manera presencial u online, dependiendo de lo que m\u00e1s te convenga. Al [&hellip;]<\/p>\n","protected":false},"author":2,"featured_media":0,"parent":0,"menu_order":0,"comment_status":"closed","ping_status":"closed","template":"elementor_header_footer","meta":{"footnotes":""},"class_list":["post-2043","page","type-page","status-publish","hentry"],"aioseo_notices":[],"_links":{"self":[{"href":"https:\/\/internationalcollege.unab.cl\/es\/wp-json\/wp\/v2\/pages\/2043","targetHints":{"allow":["GET"]}}],"collection":[{"href":"https:\/\/internationalcollege.unab.cl\/es\/wp-json\/wp\/v2\/pages"}],"about":[{"href":"https:\/\/internationalcollege.unab.cl\/es\/wp-json\/wp\/v2\/types\/page"}],"author":[{"embeddable":true,"href":"https:\/\/internationalcollege.unab.cl\/es\/wp-json\/wp\/v2\/users\/2"}],"replies":[{"embeddable":true,"href":"https:\/\/internationalcollege.unab.cl\/es\/wp-json\/wp\/v2\/comments?post=2043"}],"version-history":[{"count":99,"href":"https:\/\/internationalcollege.unab.cl\/es\/wp-json\/wp\/v2\/pages\/2043\/revisions"}],"predecessor-version":[{"id":6679,"href":"https:\/\/internationalcollege.unab.cl\/es\/wp-json\/wp\/v2\/pages\/2043\/revisions\/6679"}],"wp:attachment":[{"href":"https:\/\/internationalcollege.unab.cl\/es\/wp-json\/wp\/v2\/media?parent=2043"}],"curies":[{"name":"wp","href":"https:\/\/api.w.org\/{rel}","templated":true}]}}