{"id":2134,"date":"2025-04-08T18:17:29","date_gmt":"2025-04-08T21:17:29","guid":{"rendered":"https:\/\/internationalcollege.unab.cl\/?page_id=2134"},"modified":"2025-12-03T16:39:26","modified_gmt":"2025-12-03T19:39:26","slug":"por-que-elegir-unab-international-college","status":"publish","type":"page","link":"https:\/\/internationalcollege.unab.cl\/es\/por-que-elegir-unab-international-college\/","title":{"rendered":"Por-que-elegir-UNAB-International-College"},"content":{"rendered":"\t\t<div data-elementor-type=\"wp-page\" data-elementor-id=\"2134\" class=\"elementor elementor-2134\" data-elementor-post-type=\"page\">\n\t\t\t\t<div class=\"elementor-element elementor-element-3a04bc93 e-con-full e-flex e-con e-parent\" data-id=\"3a04bc93\" data-element_type=\"container\" data-e-type=\"container\">\n\t\t<div class=\"elementor-element elementor-element-6e42f441 e-con-full e-flex e-con e-child\" data-id=\"6e42f441\" data-element_type=\"container\" data-e-type=\"container\" data-settings=\"{&quot;background_background&quot;:&quot;classic&quot;}\">\n\t\t\t\t<\/div>\n\t\t<div class=\"elementor-element elementor-element-6b38f60 e-con-full e-flex e-con e-child\" data-id=\"6b38f60\" data-element_type=\"container\" data-e-type=\"container\">\n\t\t\t\t<div class=\"elementor-element elementor-element-1b09ab5e elementor-widget elementor-widget-heading\" data-id=\"1b09ab5e\" data-element_type=\"widget\" data-e-type=\"widget\" data-widget_type=\"heading.default\">\n\t\t\t\t\t<h2 class=\"elementor-heading-title elementor-size-default\"><h1 class=\"entry-title\">UNAB International College<\/h1><\/h2>\t\t\t\t<\/div>\n\t\t\t\t<div class=\"elementor-element elementor-element-bc47a03 elementor-widget elementor-widget-heading\" data-id=\"bc47a03\" data-element_type=\"widget\" data-e-type=\"widget\" data-widget_type=\"heading.default\">\n\t\t\t\t\t<h2 class=\"elementor-heading-title elementor-size-default\">\u00bfPor qu\u00e9 elegir UNAB International College?<\/h2>\t\t\t\t<\/div>\n\t\t\t\t<div class=\"elementor-element elementor-element-7d1768df elementor-widget-divider--view-line elementor-widget elementor-widget-divider\" data-id=\"7d1768df\" data-element_type=\"widget\" data-e-type=\"widget\" data-widget_type=\"divider.default\">\n\t\t\t\t\t\t\t<div class=\"elementor-divider\">\n\t\t\t<span class=\"elementor-divider-separator\">\n\t\t\t\t\t\t<\/span>\n\t\t<\/div>\n\t\t\t\t\t\t<\/div>\n\t\t\t\t<div class=\"elementor-element elementor-element-5e02e804 elementor-widget elementor-widget-text-editor\" data-id=\"5e02e804\" data-element_type=\"widget\" data-e-type=\"widget\" data-widget_type=\"text-editor.default\">\n\t\t\t\t\t\t\t\t\t<ul><li><strong>Conexi\u00f3n con Universidades Prestigiosas:<\/strong> Estas relaciones juegan un papel crucial en la formaci\u00f3n acad\u00e9mica y profesional y ofrecen una serie de ventajas que pueden marcar la diferencia en el desarrollo personal.<br \/><br \/><\/li><li><strong>Doble Grado:<\/strong> Otorga una ventaja significativa en el mercado laboral, los empleadores valoran a aquellos profesionales que no solo tienen un conocimiento acad\u00e9mico s\u00f3lido, sino que tambi\u00e9n han demostrado capacidad para adaptarse a diferentes contextos, culturas y sistemas educativos.<br \/><br \/><\/li><li><strong>Opci\u00f3n de postular a una Visa OPT:<\/strong> Con la modalidad Full Immersion podr\u00edas optar a una Visa de trabajo en EE.UU., hasta 3 a\u00f1os despu\u00e9s de graduarte.<\/li><\/ul>\t\t\t\t\t\t\t\t<\/div>\n\t\t\t\t<\/div>\n\t\t\t\t<\/div>\n\t\t<div class=\"elementor-element elementor-element-22b224a e-con-full e-flex e-con e-parent\" data-id=\"22b224a\" data-element_type=\"container\" data-e-type=\"container\">\n\t\t<div class=\"elementor-element elementor-element-6a252d0 e-con-full e-flex e-con e-child\" data-id=\"6a252d0\" data-element_type=\"container\" data-e-type=\"container\">\n\t\t\t\t<div class=\"elementor-element elementor-element-39218bb elementor-widget elementor-widget-text-editor\" data-id=\"39218bb\" data-element_type=\"widget\" data-e-type=\"widget\" data-widget_type=\"text-editor.default\">\n\t\t\t\t\t\t\t\t\t<ul><li><strong>Formaci\u00f3n Global:<\/strong> Al estudiar en dos universidades de diferentes pa\u00edses, te beneficias de una educaci\u00f3n m\u00e1s diversa, lo que te permite integrar diferentes perspectivas, teor\u00edas y pr\u00e1cticas en tu campo de estudio<br \/><br \/><\/li><li><strong>Reconocimiento Internacional:<\/strong> Los t\u00edtulos emitidos por universidades prestigiosas son reconocidos y valorados a nivel mundial. Esto te otorga una ventaja significativa en el mercado laboral global, ya que las empresas e instituciones valoran la calidad educativa que se asocia a estas universidades y pueden ser un factor decisivo para acceder a programas de posgrado, becas o proyectos de investigaci\u00f3n de alto nivel.<br \/><br \/><\/li><li><strong>Experiencias \u00danicas:<\/strong> Ya sea presencialmente en el extranjero o desde la comodidad de tu hogar, te conectar\u00e1s con culturas, redes globales y nuevas perspectivas.<\/li><\/ul>\t\t\t\t\t\t\t\t<\/div>\n\t\t\t\t<\/div>\n\t\t<div class=\"elementor-element elementor-element-dfc929f e-con-full e-flex e-con e-child\" data-id=\"dfc929f\" data-element_type=\"container\" data-e-type=\"container\" data-settings=\"{&quot;background_background&quot;:&quot;classic&quot;}\">\n\t\t\t\t<\/div>\n\t\t\t\t<\/div>\n\t\t<div class=\"elementor-element elementor-element-b1ca5ca e-con-full e-flex e-con e-parent\" data-id=\"b1ca5ca\" data-element_type=\"container\" data-e-type=\"container\">\n\t\t<div class=\"elementor-element elementor-element-e692ecc e-con-full e-flex e-con e-child\" data-id=\"e692ecc\" data-element_type=\"container\" data-e-type=\"container\" data-settings=\"{&quot;background_background&quot;:&quot;classic&quot;}\">\n\t\t\t\t<\/div>\n\t\t<div class=\"elementor-element elementor-element-a8463a2 e-con-full e-flex e-con e-child\" data-id=\"a8463a2\" data-element_type=\"container\" data-e-type=\"container\">\n\t\t\t\t<div class=\"elementor-element elementor-element-5a51371 elementor-widget elementor-widget-text-editor\" data-id=\"5a51371\" data-element_type=\"widget\" data-e-type=\"widget\" data-widget_type=\"text-editor.default\">\n\t\t\t\t\t\t\t\t\t<ul><li><strong>Ambiente multicultural y acceso a redes internacionales:<\/strong> Las conexiones con profesores, compa\u00f1eros de otras culturas y egresados de universidades en diferentes partes del mundo pueden abrir puertas a oportunidades laborales en diversos pa\u00edses y sectores.<br \/><br \/><\/li><li><strong>Carreras innovadoras requeridas por el mercado internacional:<\/strong> Programas que no solo se adaptan a las demandas actuales del mercado laboral global, sino que tambi\u00e9n anticipan las tendencias futuras y responden a los desaf\u00edos emergentes a nivel mundial. Estas carreras se caracterizan por su enfoque en la tecnolog\u00eda, la sostenibilidad, la globalizaci\u00f3n y la interconexi\u00f3n de diversas disciplinas.<br \/><br \/><\/li><li><strong>Movilidad internacional<\/strong> <br \/>Los estudiantes con un doble grado internacional pueden aprovechar oportunidades para trabajar o realizar pr\u00e1cticas en diferentes partes del mundo. Esto te permitir\u00e1 adquirir experiencia laboral en distintos contextos, mejorar tu curr\u00edculum y acceder a mercados laborales internacionales.<\/li><\/ul>\t\t\t\t\t\t\t\t<\/div>\n\t\t\t\t<\/div>\n\t\t\t\t<\/div>\n\t\t\t\t<\/div>\n\t\t","protected":false},"excerpt":{"rendered":"<p>UNAB International College \u00bfPor qu\u00e9 elegir UNAB International College? Conexi\u00f3n con Universidades Prestigiosas: Estas relaciones juegan un papel crucial en la formaci\u00f3n acad\u00e9mica y profesional y ofrecen una serie de ventajas que pueden marcar la diferencia en el desarrollo personal. Doble Grado: Otorga una ventaja significativa en el mercado laboral, los empleadores valoran a aquellos [&hellip;]<\/p>\n","protected":false},"author":2,"featured_media":0,"parent":0,"menu_order":0,"comment_status":"closed","ping_status":"closed","template":"elementor_header_footer","meta":{"footnotes":""},"class_list":["post-2134","page","type-page","status-publish","hentry"],"aioseo_notices":[],"_links":{"self":[{"href":"https:\/\/internationalcollege.unab.cl\/es\/wp-json\/wp\/v2\/pages\/2134","targetHints":{"allow":["GET"]}}],"collection":[{"href":"https:\/\/internationalcollege.unab.cl\/es\/wp-json\/wp\/v2\/pages"}],"about":[{"href":"https:\/\/internationalcollege.unab.cl\/es\/wp-json\/wp\/v2\/types\/page"}],"author":[{"embeddable":true,"href":"https:\/\/internationalcollege.unab.cl\/es\/wp-json\/wp\/v2\/users\/2"}],"replies":[{"embeddable":true,"href":"https:\/\/internationalcollege.unab.cl\/es\/wp-json\/wp\/v2\/comments?post=2134"}],"version-history":[{"count":153,"href":"https:\/\/internationalcollege.unab.cl\/es\/wp-json\/wp\/v2\/pages\/2134\/revisions"}],"predecessor-version":[{"id":6538,"href":"https:\/\/internationalcollege.unab.cl\/es\/wp-json\/wp\/v2\/pages\/2134\/revisions\/6538"}],"wp:attachment":[{"href":"https:\/\/internationalcollege.unab.cl\/es\/wp-json\/wp\/v2\/media?parent=2134"}],"curies":[{"name":"wp","href":"https:\/\/api.w.org\/{rel}","templated":true}]}}