{"id":2205,"date":"2025-04-09T18:52:00","date_gmt":"2025-04-09T21:52:00","guid":{"rendered":"https:\/\/internationalcollege.unab.cl\/?page_id=2205"},"modified":"2025-12-03T16:52:06","modified_gmt":"2025-12-03T19:52:06","slug":"como-sera-tu-experiencia","status":"publish","type":"page","link":"https:\/\/internationalcollege.unab.cl\/es\/como-sera-tu-experiencia\/","title":{"rendered":"\u00bfC\u00f3mo ser\u00e1 tu experiencia?"},"content":{"rendered":"\t\t<div data-elementor-type=\"wp-page\" data-elementor-id=\"2205\" class=\"elementor elementor-2205\" data-elementor-post-type=\"page\">\n\t\t\t\t<div class=\"elementor-element elementor-element-6583fd39 e-con-full e-flex e-con e-parent\" data-id=\"6583fd39\" data-element_type=\"container\" data-e-type=\"container\">\n\t\t<div class=\"elementor-element elementor-element-253073d9 e-con-full e-flex e-con e-child\" data-id=\"253073d9\" data-element_type=\"container\" data-e-type=\"container\" data-settings=\"{&quot;background_background&quot;:&quot;classic&quot;}\">\n\t\t\t\t<div class=\"elementor-element elementor-element-a30849a elementor-widget elementor-widget-image\" data-id=\"a30849a\" data-element_type=\"widget\" data-e-type=\"widget\" data-widget_type=\"image.default\">\n\t\t\t\t\t\t\t\t\t\t\t\t\t\t\t<img fetchpriority=\"high\" decoding=\"async\" width=\"528\" height=\"732\" src=\"https:\/\/internationalcollege.unab.cl\/wp-content\/uploads\/2025\/04\/como-sera-su-experiencia-IC-01.webp\" class=\"attachment-large size-large wp-image-2210\" alt=\"experiencia International College UNAB\" srcset=\"https:\/\/internationalcollege.unab.cl\/wp-content\/uploads\/2025\/04\/como-sera-su-experiencia-IC-01.webp 528w, https:\/\/internationalcollege.unab.cl\/wp-content\/uploads\/2025\/04\/como-sera-su-experiencia-IC-01-216x300.webp 216w\" sizes=\"(max-width: 528px) 100vw, 528px\" \/>\t\t\t\t\t\t\t\t\t\t\t\t\t\t\t<\/div>\n\t\t\t\t<\/div>\n\t\t<div class=\"elementor-element elementor-element-58155c5f e-con-full e-flex e-con e-child\" data-id=\"58155c5f\" data-element_type=\"container\" data-e-type=\"container\">\n\t\t\t\t<div class=\"elementor-element elementor-element-64486feb elementor-widget elementor-widget-heading\" data-id=\"64486feb\" data-element_type=\"widget\" data-e-type=\"widget\" data-widget_type=\"heading.default\">\n\t\t\t\t\t<h2 class=\"elementor-heading-title elementor-size-default\"><h1 class=\"entry-title\">UNAB International College<\/h1><\/h2>\t\t\t\t<\/div>\n\t\t\t\t<div class=\"elementor-element elementor-element-364ae5d elementor-widget elementor-widget-heading\" data-id=\"364ae5d\" data-element_type=\"widget\" data-e-type=\"widget\" data-widget_type=\"heading.default\">\n\t\t\t\t\t<h2 class=\"elementor-heading-title elementor-size-default\">En UNAB International College vivir\u00e1s un viaje educativo\nque marcar\u00e1 tu vida, con acceso a:<\/h2>\t\t\t\t<\/div>\n\t\t\t\t<div class=\"elementor-element elementor-element-60dbc33 elementor-widget-divider--view-line elementor-widget elementor-widget-global elementor-global-2460 elementor-widget-divider\" data-id=\"60dbc33\" data-element_type=\"widget\" data-e-type=\"widget\" data-widget_type=\"divider.default\">\n\t\t\t\t\t\t\t<div class=\"elementor-divider\">\n\t\t\t<span class=\"elementor-divider-separator\">\n\t\t\t\t\t\t<\/span>\n\t\t<\/div>\n\t\t\t\t\t\t<\/div>\n\t\t\t\t<div class=\"elementor-element elementor-element-465ff6d elementor-widget elementor-widget-text-editor\" data-id=\"465ff6d\" data-element_type=\"widget\" data-e-type=\"widget\" data-widget_type=\"text-editor.default\">\n\t\t\t\t\t\t\t\t\t<p>Clases en Ingl\u00e9s:<\/p>\t\t\t\t\t\t\t\t<\/div>\n\t\t\t\t<div class=\"elementor-element elementor-element-21b2a61 elementor-widget elementor-widget-text-editor\" data-id=\"21b2a61\" data-element_type=\"widget\" data-e-type=\"widget\" data-widget_type=\"text-editor.default\">\n\t\t\t\t\t\t\t\t\t<p>Asignaturas de especializaci\u00f3n como marketing, finanzas, econom\u00eda, con profesores altamente calificados. El dominio de varios idiomas abre puertas a una comunicaci\u00f3n m\u00e1s fluida en entornos laborales internacionales y mejora las oportunidades de colaboraci\u00f3n en proyectos globales.<\/p>\t\t\t\t\t\t\t\t<\/div>\n\t\t\t\t<div class=\"elementor-element elementor-element-aacc650 elementor-widget elementor-widget-image\" data-id=\"aacc650\" data-element_type=\"widget\" data-e-type=\"widget\" data-widget_type=\"image.default\">\n\t\t\t\t\t\t\t\t\t\t\t\t\t\t\t<img decoding=\"async\" width=\"800\" height=\"534\" src=\"https:\/\/internationalcollege.unab.cl\/wp-content\/uploads\/2025\/04\/porque-elegir-IC-02-1-1024x683.webp\" class=\"attachment-large size-large wp-image-2222\" alt=\"experiencia International College UNAB, clases de ingles\" srcset=\"https:\/\/internationalcollege.unab.cl\/wp-content\/uploads\/2025\/04\/porque-elegir-IC-02-1-1024x683.webp 1024w, https:\/\/internationalcollege.unab.cl\/wp-content\/uploads\/2025\/04\/porque-elegir-IC-02-1-300x200.webp 300w, https:\/\/internationalcollege.unab.cl\/wp-content\/uploads\/2025\/04\/porque-elegir-IC-02-1-768x512.webp 768w, https:\/\/internationalcollege.unab.cl\/wp-content\/uploads\/2025\/04\/porque-elegir-IC-02-1.webp 1382w\" sizes=\"(max-width: 800px) 100vw, 800px\" \/>\t\t\t\t\t\t\t\t\t\t\t\t\t\t\t<\/div>\n\t\t\t\t<div class=\"elementor-element elementor-element-9649003 elementor-widget elementor-widget-text-editor\" data-id=\"9649003\" data-element_type=\"widget\" data-e-type=\"widget\" data-widget_type=\"text-editor.default\">\n\t\t\t\t\t\t\t\t\t<p>Conexiones con compa\u00f1eros de todo el mundo<\/p>\t\t\t\t\t\t\t\t<\/div>\n\t\t\t\t<div class=\"elementor-element elementor-element-cb60f9a elementor-widget elementor-widget-text-editor\" data-id=\"cb60f9a\" data-element_type=\"widget\" data-e-type=\"widget\" data-widget_type=\"text-editor.default\">\n\t\t\t\t\t\t\t\t\t<p>Las conexiones internacionales proporcionan una formaci\u00f3n m\u00e1s diversa y enriquecedora, adem\u00e1s de fomentar la movilidad acad\u00e9mica, donde podr\u00e1s experimentar una nueva cultura, construir una red global de contactos y desarrollarte profesionalmente en un contexto global.<\/p>\t\t\t\t\t\t\t\t<\/div>\n\t\t\t\t<div class=\"elementor-element elementor-element-e1c3fd4 elementor-widget elementor-widget-image\" data-id=\"e1c3fd4\" data-element_type=\"widget\" data-e-type=\"widget\" data-widget_type=\"image.default\">\n\t\t\t\t\t\t\t\t\t\t\t\t\t\t\t<img decoding=\"async\" width=\"800\" height=\"534\" src=\"https:\/\/internationalcollege.unab.cl\/wp-content\/uploads\/2025\/04\/porque-elegir-IC-03-1024x683.webp\" class=\"attachment-large size-large wp-image-2256\" alt=\"experiencia International College UNAB, conexiones internacionales\" srcset=\"https:\/\/internationalcollege.unab.cl\/wp-content\/uploads\/2025\/04\/porque-elegir-IC-03-1024x683.webp 1024w, https:\/\/internationalcollege.unab.cl\/wp-content\/uploads\/2025\/04\/porque-elegir-IC-03-300x200.webp 300w, https:\/\/internationalcollege.unab.cl\/wp-content\/uploads\/2025\/04\/porque-elegir-IC-03-768x512.webp 768w, https:\/\/internationalcollege.unab.cl\/wp-content\/uploads\/2025\/04\/porque-elegir-IC-03.webp 1290w\" sizes=\"(max-width: 800px) 100vw, 800px\" \/>\t\t\t\t\t\t\t\t\t\t\t\t\t\t\t<\/div>\n\t\t\t\t<\/div>\n\t\t\t\t<\/div>\n\t\t<div class=\"elementor-element elementor-element-ff10efa e-con-full e-flex e-con e-parent\" data-id=\"ff10efa\" data-element_type=\"container\" data-e-type=\"container\">\n\t\t<div class=\"elementor-element elementor-element-196c260 e-con-full e-flex e-con e-child\" data-id=\"196c260\" data-element_type=\"container\" data-e-type=\"container\">\n\t\t\t\t<div class=\"elementor-element elementor-element-defac04 elementor-widget elementor-widget-image\" data-id=\"defac04\" data-element_type=\"widget\" data-e-type=\"widget\" data-widget_type=\"image.default\">\n\t\t\t\t\t\t\t\t\t\t\t\t\t\t\t<img loading=\"lazy\" decoding=\"async\" width=\"703\" height=\"737\" src=\"https:\/\/internationalcollege.unab.cl\/wp-content\/uploads\/2025\/05\/porque-elegir-IC-04.webp\" class=\"attachment-large size-large wp-image-3445\" alt=\"experiencia International College UNAB, habilidades blandas, soft skills\" srcset=\"https:\/\/internationalcollege.unab.cl\/wp-content\/uploads\/2025\/05\/porque-elegir-IC-04.webp 703w, https:\/\/internationalcollege.unab.cl\/wp-content\/uploads\/2025\/05\/porque-elegir-IC-04-286x300.webp 286w\" sizes=\"(max-width: 703px) 100vw, 703px\" \/>\t\t\t\t\t\t\t\t\t\t\t\t\t\t\t<\/div>\n\t\t\t\t<\/div>\n\t\t<div class=\"elementor-element elementor-element-05a2239 e-con-full e-flex e-con e-child\" data-id=\"05a2239\" data-element_type=\"container\" data-e-type=\"container\">\n\t\t\t\t<div class=\"elementor-element elementor-element-91d4d79 elementor-widget elementor-widget-text-editor\" data-id=\"91d4d79\" data-element_type=\"widget\" data-e-type=\"widget\" data-widget_type=\"text-editor.default\">\n\t\t\t\t\t\t\t\t\t<p>Desarrollo de habilidades blandas (soft skills):<\/p>\t\t\t\t\t\t\t\t<\/div>\n\t\t\t\t<div class=\"elementor-element elementor-element-5861629 elementor-widget elementor-widget-text-editor\" data-id=\"5861629\" data-element_type=\"widget\" data-e-type=\"widget\" data-widget_type=\"text-editor.default\">\n\t\t\t\t\t\t\t\t\t<p>El entorno acad\u00e9mico de una universidad prestigiosa no solo promueve el desarrollo intelectual, sino tambi\u00e9n el crecimiento personal. Los estudiantes tienen la oportunidad de participar en actividades que fomentan habilidades como el liderazgo, la comunicaci\u00f3n, el trabajo en equipo y la gesti\u00f3n del tiempo. Estas habilidades blandas son esenciales en cualquier carrera profesional y son muy valoradas por los empleadores.<\/p>\t\t\t\t\t\t\t\t<\/div>\n\t\t\t\t<div class=\"elementor-element elementor-element-fc7bb16 elementor-widget elementor-widget-text-editor\" data-id=\"fc7bb16\" data-element_type=\"widget\" data-e-type=\"widget\" data-widget_type=\"text-editor.default\">\n\t\t\t\t\t\t\t\t\t<p>Soporte Integral:<\/p>\t\t\t\t\t\t\t\t<\/div>\n\t\t\t\t<div class=\"elementor-element elementor-element-a82709e elementor-widget elementor-widget-text-editor\" data-id=\"a82709e\" data-element_type=\"widget\" data-e-type=\"widget\" data-widget_type=\"text-editor.default\">\n\t\t\t\t\t\t\t\t\t<p>Te acompa\u00f1aremos en todo el proceso, desde la elecci\u00f3n del programa hasta la experiencia en el extranjero.<\/p>\t\t\t\t\t\t\t\t<\/div>\n\t\t\t\t<div class=\"elementor-element elementor-element-fb7aabd elementor-widget elementor-widget-text-editor\" data-id=\"fb7aabd\" data-element_type=\"widget\" data-e-type=\"widget\" data-widget_type=\"text-editor.default\">\n\t\t\t\t\t\t\t\t\t<p>Desarrollo de habilidades interpersonales y culturales:\u00a0<\/p>\t\t\t\t\t\t\t\t<\/div>\n\t\t\t\t<div class=\"elementor-element elementor-element-cd6859c elementor-widget elementor-widget-text-editor\" data-id=\"cd6859c\" data-element_type=\"widget\" data-e-type=\"widget\" data-widget_type=\"text-editor.default\">\n\t\t\t\t\t\t\t\t\t<p>Estudiar en un pa\u00eds extranjero implica la inmersi\u00f3n en una nueva cultura y la interacci\u00f3n con personas de diversas nacionalidades. Este entorno permite desarrollar habilidades interculturales, adaptabilidad, empat\u00eda y una visi\u00f3n global que no solo enriquecen el perfil profesional, sino tambi\u00e9n el personal.<\/p>\t\t\t\t\t\t\t\t<\/div>\n\t\t\t\t<div class=\"elementor-element elementor-element-f9c8a68 elementor-widget elementor-widget-text-editor\" data-id=\"f9c8a68\" data-element_type=\"widget\" data-e-type=\"widget\" data-widget_type=\"text-editor.default\">\n\t\t\t\t\t\t\t\t\t<p>Acad\u00e9micos internacionales:<\/p>\t\t\t\t\t\t\t\t<\/div>\n\t\t\t\t<div class=\"elementor-element elementor-element-5c29a70 elementor-widget elementor-widget-text-editor\" data-id=\"5c29a70\" data-element_type=\"widget\" data-e-type=\"widget\" data-widget_type=\"text-editor.default\">\n\t\t\t\t\t\t\t\t\t<p>Quienes tienen una comprensi\u00f3n profunda de los problemas y contextos globales.<br \/>Esto te permitir\u00e1 ver los temas desde una perspectiva m\u00e1s amplia, incorporando ideas y enfoques diversos.<\/p>\t\t\t\t\t\t\t\t<\/div>\n\t\t\t\t<div class=\"elementor-element elementor-element-caec641 elementor-widget elementor-widget-text-editor\" data-id=\"caec641\" data-element_type=\"widget\" data-e-type=\"widget\" data-widget_type=\"text-editor.default\">\n\t\t\t\t\t\t\t\t\t<p>Acceso a m\u00e9todos y enfoques innovadores:<\/p>\t\t\t\t\t\t\t\t<\/div>\n\t\t\t\t<div class=\"elementor-element elementor-element-5ddcbcd elementor-widget elementor-widget-text-editor\" data-id=\"5ddcbcd\" data-element_type=\"widget\" data-e-type=\"widget\" data-widget_type=\"text-editor.default\">\n\t\t\t\t\t\t\t\t\t<p>Los acad\u00e9micos de otros pa\u00edses tienen enfoques pedag\u00f3gicos, metodol\u00f3gicos y cient\u00edficos distintos a los que est\u00e1s acostumbrado. Esto puede expandir tu pensamiento cr\u00edtico y ofrecerte nuevas herramientas para resolver problemas.<\/p>\t\t\t\t\t\t\t\t<\/div>\n\t\t\t\t<\/div>\n\t\t\t\t<\/div>\n\t\t\t\t<\/div>\n\t\t","protected":false},"excerpt":{"rendered":"<p>UNAB International College En UNAB International College vivir\u00e1s un viaje educativo que marcar\u00e1 tu vida, con acceso a: Clases en Ingl\u00e9s: Asignaturas de especializaci\u00f3n como marketing, finanzas, econom\u00eda, con profesores altamente calificados. El dominio de varios idiomas abre puertas a una comunicaci\u00f3n m\u00e1s fluida en entornos laborales internacionales y mejora las oportunidades de colaboraci\u00f3n en [&hellip;]<\/p>\n","protected":false},"author":2,"featured_media":0,"parent":0,"menu_order":0,"comment_status":"closed","ping_status":"closed","template":"elementor_header_footer","meta":{"footnotes":""},"class_list":["post-2205","page","type-page","status-publish","hentry"],"aioseo_notices":[],"_links":{"self":[{"href":"https:\/\/internationalcollege.unab.cl\/es\/wp-json\/wp\/v2\/pages\/2205","targetHints":{"allow":["GET"]}}],"collection":[{"href":"https:\/\/internationalcollege.unab.cl\/es\/wp-json\/wp\/v2\/pages"}],"about":[{"href":"https:\/\/internationalcollege.unab.cl\/es\/wp-json\/wp\/v2\/types\/page"}],"author":[{"embeddable":true,"href":"https:\/\/internationalcollege.unab.cl\/es\/wp-json\/wp\/v2\/users\/2"}],"replies":[{"embeddable":true,"href":"https:\/\/internationalcollege.unab.cl\/es\/wp-json\/wp\/v2\/comments?post=2205"}],"version-history":[{"count":244,"href":"https:\/\/internationalcollege.unab.cl\/es\/wp-json\/wp\/v2\/pages\/2205\/revisions"}],"predecessor-version":[{"id":6540,"href":"https:\/\/internationalcollege.unab.cl\/es\/wp-json\/wp\/v2\/pages\/2205\/revisions\/6540"}],"wp:attachment":[{"href":"https:\/\/internationalcollege.unab.cl\/es\/wp-json\/wp\/v2\/media?parent=2205"}],"curies":[{"name":"wp","href":"https:\/\/api.w.org\/{rel}","templated":true}]}}